{"id":9492,"date":"2022-07-05T14:53:20","date_gmt":"2022-07-05T12:53:20","guid":{"rendered":"https:\/\/manuonline.pl\/join-us\/"},"modified":"2026-03-17T10:27:06","modified_gmt":"2026-03-17T08:27:06","slug":"join-us","status":"publish","type":"page","link":"https:\/\/manuonline.pl\/en\/join-us\/","title":{"rendered":"Join us"},"content":{"rendered":"\t\t<div data-elementor-type=\"wp-page\" data-elementor-id=\"9492\" class=\"elementor elementor-9492 elementor-3836\" data-elementor-post-type=\"page\">\n\t\t\t\t<div class=\"elementor-element elementor-element-54b05fe post-container e-con-full e-ecs-flex e-flex e-con e-parent\" data-id=\"54b05fe\" data-element_type=\"container\" data-e-type=\"container\" data-settings=\"{&quot;ecs_container_type&quot;:&quot;flex&quot;}\">\n\t\t<div class=\"elementor-element elementor-element-740c6ef e-con-full e-ecs-flex e-flex e-con e-child\" data-id=\"740c6ef\" data-element_type=\"container\" data-e-type=\"container\" data-settings=\"{&quot;ecs_container_type&quot;:&quot;flex&quot;}\">\n\t\t<div class=\"elementor-element elementor-element-3771b82 e-con-full e-ecs-flex e-flex e-con e-child\" data-id=\"3771b82\" data-element_type=\"container\" data-e-type=\"container\" data-settings=\"{&quot;ecs_container_type&quot;:&quot;flex&quot;}\">\n\t\t\t\t<div class=\"elementor-element elementor-element-164ad4a elementor-widget elementor-widget-heading\" data-id=\"164ad4a\" data-element_type=\"widget\" data-e-type=\"widget\" data-widget_type=\"heading.default\">\n\t\t\t\t<div class=\"elementor-widget-container\">\n\t\t\t\t\t<h1 class=\"elementor-heading-title elementor-size-default\">We are currently looking for<\/h1>\t\t\t\t<\/div>\n\t\t\t\t<\/div>\n\t\t\t\t<div class=\"elementor-element elementor-element-85ffdb4 description elementor-widget-tablet__width-initial elementor-widget-mobile__width-initial elementor-widget elementor-widget-text-editor\" data-id=\"85ffdb4\" data-element_type=\"widget\" data-e-type=\"widget\" data-widget_type=\"text-editor.default\">\n\t\t\t\t<div class=\"elementor-widget-container\">\n\t\t\t\t\t\t\t\t\t<p><span style=\"caret-color: #404040; text-align: start; text-size-adjust: auto;\">Do you love working with children and value flexible working time? Then be sure to introduce yourself to us \ud83d\ude0a<\/span><\/p>\t\t\t\t\t\t\t\t<\/div>\n\t\t\t\t<\/div>\n\t\t\t\t<\/div>\n\t\t\t\t<\/div>\n\t\t<div class=\"elementor-element elementor-element-65abffe e-con-full e-ecs-flex e-flex e-con e-child\" data-id=\"65abffe\" data-element_type=\"container\" data-e-type=\"container\" data-settings=\"{&quot;ecs_container_type&quot;:&quot;flex&quot;}\">\n\t\t<div class=\"elementor-element elementor-element-db57d07 e-con-full e-ecs-flex e-flex e-con e-child\" data-id=\"db57d07\" data-element_type=\"container\" data-e-type=\"container\" data-settings=\"{&quot;ecs_container_type&quot;:&quot;flex&quot;}\">\n\t\t<div class=\"elementor-element elementor-element-0071837 e-con-full e-ecs-flex e-flex e-con e-child\" data-id=\"0071837\" data-element_type=\"container\" data-e-type=\"container\" data-settings=\"{&quot;background_background&quot;:&quot;classic&quot;,&quot;ecs_container_type&quot;:&quot;flex&quot;}\">\n\t\t\t\t<div class=\"elementor-element elementor-element-049fdfb elementor-widget elementor-widget-heading\" data-id=\"049fdfb\" data-element_type=\"widget\" data-e-type=\"widget\" data-widget_type=\"heading.default\">\n\t\t\t\t<div class=\"elementor-widget-container\">\n\t\t\t\t\t<h2 class=\"elementor-heading-title elementor-size-default\"><a href=\"https:\/\/manuonline.pl\/en\/english-teacher\/\">English teacher<\/a><\/h2>\t\t\t\t<\/div>\n\t\t\t\t<\/div>\n\t\t\t\t<div class=\"elementor-element elementor-element-6d681ad elementor-widget elementor-widget-text-editor\" data-id=\"6d681ad\" data-element_type=\"widget\" data-e-type=\"widget\" data-widget_type=\"text-editor.default\">\n\t\t\t\t<div class=\"elementor-widget-container\">\n\t\t\t\t\t\t\t\t\t<p>Ma\u0142opolska Akademia Nabywania Umiej\u0119tno\u015bci will establish cooperation with an instructor of language classes.<\/p>\t\t\t\t\t\t\t\t<\/div>\n\t\t\t\t<\/div>\n\t\t<div class=\"elementor-element elementor-element-3918b4a e-con-full e-ecs-flex e-flex e-con e-child\" data-id=\"3918b4a\" data-element_type=\"container\" data-e-type=\"container\" data-settings=\"{&quot;ecs_container_type&quot;:&quot;flex&quot;}\">\n\t\t<div class=\"elementor-element elementor-element-03f042a e-con-full e-ecs-flex e-flex e-con e-child\" data-id=\"03f042a\" data-element_type=\"container\" data-e-type=\"container\" data-settings=\"{&quot;ecs_container_type&quot;:&quot;flex&quot;}\">\n\t\t\t\t<div class=\"elementor-element elementor-element-048cbe7 elementor-view-default elementor-widget elementor-widget-icon\" data-id=\"048cbe7\" data-element_type=\"widget\" data-e-type=\"widget\" data-widget_type=\"icon.default\">\n\t\t\t\t<div class=\"elementor-widget-container\">\n\t\t\t\t\t\t\t<div class=\"elementor-icon-wrapper\">\n\t\t\t<div class=\"elementor-icon\">\n\t\t\t<svg xmlns=\"http:\/\/www.w3.org\/2000\/svg\" width=\"16\" height=\"16\" viewBox=\"0 0 16 16\" fill=\"none\"><path fill-rule=\"evenodd\" clip-rule=\"evenodd\" d=\"M8.00016 5.33333C7.26378 5.33333 6.66683 5.93029 6.66683 6.66667C6.66683 7.40305 7.26378 8 8.00016 8C8.73654 8 9.3335 7.40305 9.3335 6.66667C9.3335 5.93029 8.73654 5.33333 8.00016 5.33333ZM5.3335 6.66667C5.3335 5.19391 6.5274 4 8.00016 4C9.47292 4 10.6668 5.19391 10.6668 6.66667C10.6668 8.13943 9.47292 9.33333 8.00016 9.33333C6.5274 9.33333 5.3335 8.13943 5.3335 6.66667Z\" fill=\"#737171\"><\/path><path fill-rule=\"evenodd\" clip-rule=\"evenodd\" d=\"M3.75736 2.42411C4.88258 1.29889 6.4087 0.666748 8 0.666748C9.5913 0.666748 11.1174 1.29889 12.2426 2.42411C13.3679 3.54933 14 5.07545 14 6.66675C14 7.34449 13.9281 7.9415 13.7406 8.50701C13.5522 9.07548 13.258 9.57897 12.8535 10.0837C12.8482 10.0903 12.8427 10.0969 12.8371 10.1034L8.50379 15.1034C8.37717 15.2495 8.19334 15.3334 8 15.3334C7.80666 15.3334 7.62283 15.2495 7.49621 15.1034L3.16287 10.1034C3.15728 10.0969 3.1518 10.0903 3.14646 10.0837C2.74196 9.57897 2.44779 9.07548 2.25936 8.50701C2.07191 7.9415 2 7.34449 2 6.66675C2 5.07545 2.63214 3.54933 3.75736 2.42411ZM8 2.00008C6.76232 2.00008 5.57534 2.49175 4.70017 3.36692C3.825 4.24209 3.33333 5.42907 3.33333 6.66675C3.33333 7.25034 3.39542 7.69666 3.52497 8.08749C3.65252 8.47226 3.8561 8.83537 4.17908 9.24007L8 13.6488L11.8209 9.24007C12.1439 8.83537 12.3475 8.47226 12.475 8.08749C12.6046 7.69666 12.6667 7.25034 12.6667 6.66675C12.6667 5.42907 12.175 4.24209 11.2998 3.36692C10.4247 2.49175 9.23768 2.00008 8 2.00008Z\" fill=\"#737171\"><\/path><\/svg>\t\t\t<\/div>\n\t\t<\/div>\n\t\t\t\t\t\t<\/div>\n\t\t\t\t<\/div>\n\t\t\t\t<div class=\"elementor-element elementor-element-32e9a06 elementor-widget elementor-widget-text-editor\" data-id=\"32e9a06\" data-element_type=\"widget\" data-e-type=\"widget\" data-widget_type=\"text-editor.default\">\n\t\t\t\t<div class=\"elementor-widget-container\">\n\t\t\t\t\t\t\t\t\t<p>Krak\u00f3w<\/p>\t\t\t\t\t\t\t\t<\/div>\n\t\t\t\t<\/div>\n\t\t\t\t<\/div>\n\t\t<div class=\"elementor-element elementor-element-9ff7715 e-ecs-flex e-flex e-con-boxed e-con e-child\" data-id=\"9ff7715\" data-element_type=\"container\" data-e-type=\"container\" data-settings=\"{&quot;ecs_container_type&quot;:&quot;flex&quot;}\">\n\t\t\t\t\t<div class=\"e-con-inner\">\n\t\t\t\t<div class=\"elementor-element elementor-element-d8dc26e elementor-view-default elementor-widget elementor-widget-icon\" data-id=\"d8dc26e\" data-element_type=\"widget\" data-e-type=\"widget\" data-widget_type=\"icon.default\">\n\t\t\t\t<div class=\"elementor-widget-container\">\n\t\t\t\t\t\t\t<div class=\"elementor-icon-wrapper\">\n\t\t\t<div class=\"elementor-icon\">\n\t\t\t<svg xmlns=\"http:\/\/www.w3.org\/2000\/svg\" width=\"16\" height=\"16\" viewBox=\"0 0 16 16\" fill=\"none\"><path d=\"M8.00016 1.33325C4.32416 1.33325 1.3335 4.32392 1.3335 7.99992C1.3335 11.6759 4.32416 14.6666 8.00016 14.6666C11.6762 14.6666 14.6668 11.6759 14.6668 7.99992C14.6668 4.32392 11.6762 1.33325 8.00016 1.33325ZM8.00016 13.3333C5.0595 13.3333 2.66683 10.9406 2.66683 7.99992C2.66683 5.05925 5.0595 2.66659 8.00016 2.66659C10.9408 2.66659 13.3335 5.05925 13.3335 7.99992C13.3335 10.9406 10.9408 13.3333 8.00016 13.3333Z\" fill=\"#737171\"><\/path><path d=\"M8.66683 4.66675H7.3335V8.27608L9.52883 10.4714L10.4715 9.52875L8.66683 7.72408V4.66675Z\" fill=\"#737171\"><\/path><\/svg>\t\t\t<\/div>\n\t\t<\/div>\n\t\t\t\t\t\t<\/div>\n\t\t\t\t<\/div>\n\t\t\t\t<div class=\"elementor-element elementor-element-c175230 elementor-widget elementor-widget-text-editor\" data-id=\"c175230\" data-element_type=\"widget\" data-e-type=\"widget\" data-widget_type=\"text-editor.default\">\n\t\t\t\t<div class=\"elementor-widget-container\">\n\t\t\t\t\t\t\t\t\t<p>Full-time<\/p>\t\t\t\t\t\t\t\t<\/div>\n\t\t\t\t<\/div>\n\t\t\t\t\t<\/div>\n\t\t\t\t<\/div>\n\t\t\t\t<div class=\"elementor-element elementor-element-e2c4dbf elementor-align-right elementor-mobile-align-right elementor-widget elementor-widget-button\" data-id=\"e2c4dbf\" data-element_type=\"widget\" data-e-type=\"widget\" data-widget_type=\"button.default\">\n\t\t\t\t<div class=\"elementor-widget-container\">\n\t\t\t\t\t\t\t\t\t<div class=\"elementor-button-wrapper\">\n\t\t\t\t\t<a class=\"elementor-button elementor-button-link elementor-size-sm\" href=\"https:\/\/manuonline.pl\/en\/english-teacher\/\">\n\t\t\t\t\t\t<span class=\"elementor-button-content-wrapper\">\n\t\t\t\t\t\t<span class=\"elementor-button-icon\">\n\t\t\t\t<svg xmlns=\"http:\/\/www.w3.org\/2000\/svg\" width=\"11\" height=\"11\" viewBox=\"0 0 11 11\" fill=\"none\"><path d=\"M4.46975 9.46977L5.53025 10.5303L10.5605 5.50002L5.53025 0.469772L4.46975 1.53027L7.6895 4.75002H0.5V6.25002H7.6895L4.46975 9.46977Z\" fill=\"#1E1E1E\"><\/path><\/svg>\t\t\t<\/span>\n\t\t\t\t\t\t\t\t\t<span class=\"elementor-button-text\">Apply<\/span>\n\t\t\t\t\t<\/span>\n\t\t\t\t\t<\/a>\n\t\t\t\t<\/div>\n\t\t\t\t\t\t\t\t<\/div>\n\t\t\t\t<\/div>\n\t\t\t\t<\/div>\n\t\t\t\t<\/div>\n\t\t\t\t<\/div>\n\t\t\t\t<\/div>\n\t\t<div class=\"elementor-element elementor-element-9355fd7 e-ecs-flex e-flex e-con-boxed e-con e-child\" data-id=\"9355fd7\" data-element_type=\"container\" data-e-type=\"container\" data-settings=\"{&quot;ecs_container_type&quot;:&quot;flex&quot;}\">\n\t\t\t\t\t<div class=\"e-con-inner\">\n\t\t\t\t<div class=\"elementor-element elementor-element-878c50b elementor-align-center elementor-widget elementor-widget-button\" data-id=\"878c50b\" data-element_type=\"widget\" data-e-type=\"widget\" data-widget_type=\"button.default\">\n\t\t\t\t<div class=\"elementor-widget-container\">\n\t\t\t\t\t\t\t\t\t<div class=\"elementor-button-wrapper\">\n\t\t\t\t\t<a class=\"elementor-button elementor-button-link elementor-size-sm\" href=\"https:\/\/manuonline.pl\/en\/information-clause-for-job-applicants\/\">\n\t\t\t\t\t\t<span class=\"elementor-button-content-wrapper\">\n\t\t\t\t\t\t\t\t\t<span class=\"elementor-button-text\">GDPR information clause<\/span>\n\t\t\t\t\t<\/span>\n\t\t\t\t\t<\/a>\n\t\t\t\t<\/div>\n\t\t\t\t\t\t\t\t<\/div>\n\t\t\t\t<\/div>\n\t\t\t\t\t<\/div>\n\t\t\t\t<\/div>\n\t\t\t\t<div class=\"elementor-element elementor-element-b24ab94 elementor-absolute elementor-widget elementor-widget-html\" data-id=\"b24ab94\" data-element_type=\"widget\" data-e-type=\"widget\" data-settings=\"{&quot;_position&quot;:&quot;absolute&quot;}\" data-widget_type=\"html.default\">\n\t\t\t\t<div class=\"elementor-widget-container\">\n\t\t\t\t\t<div class=\"green\"><\/div>\t\t\t\t<\/div>\n\t\t\t\t<\/div>\n\t\t\t\t<div class=\"elementor-element elementor-element-3716640 elementor-absolute elementor-widget elementor-widget-html\" data-id=\"3716640\" data-element_type=\"widget\" data-e-type=\"widget\" data-settings=\"{&quot;_position&quot;:&quot;absolute&quot;}\" data-widget_type=\"html.default\">\n\t\t\t\t<div class=\"elementor-widget-container\">\n\t\t\t\t\t<div class=\"pink\"><\/div>\t\t\t\t<\/div>\n\t\t\t\t<\/div>\n\t\t\t\t<div class=\"elementor-element elementor-element-a8c0a05 elementor-absolute elementor-widget elementor-widget-html\" data-id=\"a8c0a05\" data-element_type=\"widget\" data-e-type=\"widget\" data-settings=\"{&quot;_position&quot;:&quot;absolute&quot;}\" data-widget_type=\"html.default\">\n\t\t\t\t<div class=\"elementor-widget-container\">\n\t\t\t\t\t<div class=\"blue\"><\/div>\t\t\t\t<\/div>\n\t\t\t\t<\/div>\n\t\t\t\t<div class=\"elementor-element elementor-element-e94850e elementor-absolute elementor-widget elementor-widget-html\" data-id=\"e94850e\" data-element_type=\"widget\" data-e-type=\"widget\" data-settings=\"{&quot;_position&quot;:&quot;absolute&quot;}\" data-widget_type=\"html.default\">\n\t\t\t\t<div class=\"elementor-widget-container\">\n\t\t\t\t\t<div class=\"lime\"><\/div>\t\t\t\t<\/div>\n\t\t\t\t<\/div>\n\t\t\t\t<div class=\"elementor-element elementor-element-0dc9ec9 elementor-absolute elementor-widget elementor-widget-html\" data-id=\"0dc9ec9\" data-element_type=\"widget\" data-e-type=\"widget\" data-settings=\"{&quot;_position&quot;:&quot;absolute&quot;}\" data-widget_type=\"html.default\">\n\t\t\t\t<div class=\"elementor-widget-container\">\n\t\t\t\t\t<div class=\"yellow\"><\/div>\t\t\t\t<\/div>\n\t\t\t\t<\/div>\n\t\t\t\t<div class=\"elementor-element elementor-element-227f198 elementor-absolute elementor-widget elementor-widget-html\" data-id=\"227f198\" data-element_type=\"widget\" data-e-type=\"widget\" data-settings=\"{&quot;_position&quot;:&quot;absolute&quot;}\" data-widget_type=\"html.default\">\n\t\t\t\t<div class=\"elementor-widget-container\">\n\t\t\t\t\t<div class=\"yellow-2\"><\/div>\t\t\t\t<\/div>\n\t\t\t\t<\/div>\n\t\t\t\t<\/div>\n\t\t\t\t<\/div>\n\t\t","protected":false},"excerpt":{"rendered":"<p>We are currently looking for Do you love working with children and value flexible working time? Then be sure to introduce yourself to us \ud83d\ude0a English teacher Ma\u0142opolska Akademia Nabywania Umiej\u0119tno\u015bci will establish cooperation with an instructor of language classes. Krak\u00f3w Full-time Apply GDPR information clause<\/p>\n","protected":false},"author":1,"featured_media":0,"parent":0,"menu_order":0,"comment_status":"closed","ping_status":"closed","template":"","meta":{"footnotes":""},"class_list":["post-9492","page","type-page","status-publish","hentry"],"yoast_head":"<!-- This site is optimized with the Yoast SEO plugin v27.5 - https:\/\/yoast.com\/product\/yoast-seo-wordpress\/ -->\n<title>Join us | Ma\u0142opolska Akademia Nabywania Umiej\u0119tno\u015bci (The Lesser Poland Academy of Skill Acquisition)<\/title>\n<meta name=\"robots\" content=\"index, follow, max-snippet:-1, max-image-preview:large, max-video-preview:-1\" \/>\n<link rel=\"canonical\" href=\"https:\/\/manuonline.pl\/en\/join-us\/\" \/>\n<meta property=\"og:locale\" content=\"en_US\" \/>\n<meta property=\"og:type\" content=\"article\" \/>\n<meta property=\"og:title\" content=\"Join us | Ma\u0142opolska Akademia Nabywania Umiej\u0119tno\u015bci (The Lesser Poland Academy of Skill Acquisition)\" \/>\n<meta property=\"og:description\" content=\"We are currently looking for Do you love working with children and value flexible working time? Then be sure to introduce yourself to us \ud83d\ude0a English teacher Ma\u0142opolska Akademia Nabywania Umiej\u0119tno\u015bci will establish cooperation with an instructor of language classes. Krak\u00f3w Full-time Apply GDPR information clause\" \/>\n<meta property=\"og:url\" content=\"https:\/\/manuonline.pl\/en\/join-us\/\" \/>\n<meta property=\"og:site_name\" content=\"Ma\u0142opolska Akademia Nabywania Umiej\u0119tno\u015bci (The Lesser Poland Academy of Skill Acquisition)\" \/>\n<meta property=\"article:publisher\" content=\"https:\/\/www.facebook.com\/zajeciadodatkowemanu\" \/>\n<meta property=\"article:modified_time\" content=\"2026-03-17T08:27:06+00:00\" \/>\n<meta name=\"twitter:card\" content=\"summary_large_image\" \/>\n<meta name=\"twitter:label1\" content=\"Est. reading time\" \/>\n\t<meta name=\"twitter:data1\" content=\"1 minute\" \/>\n<script type=\"application\/ld+json\" class=\"yoast-schema-graph\">{\"@context\":\"https:\\\/\\\/schema.org\",\"@graph\":[{\"@type\":\"WebPage\",\"@id\":\"https:\\\/\\\/manuonline.pl\\\/en\\\/join-us\\\/\",\"url\":\"https:\\\/\\\/manuonline.pl\\\/en\\\/join-us\\\/\",\"name\":\"Join us | Ma\u0142opolska Akademia Nabywania Umiej\u0119tno\u015bci (The Lesser Poland Academy of Skill Acquisition)\",\"isPartOf\":{\"@id\":\"https:\\\/\\\/manuonline.pl\\\/en\\\/#website\"},\"datePublished\":\"2022-07-05T12:53:20+00:00\",\"dateModified\":\"2026-03-17T08:27:06+00:00\",\"breadcrumb\":{\"@id\":\"https:\\\/\\\/manuonline.pl\\\/en\\\/join-us\\\/#breadcrumb\"},\"inLanguage\":\"en-US\",\"potentialAction\":[{\"@type\":\"ReadAction\",\"target\":[\"https:\\\/\\\/manuonline.pl\\\/en\\\/join-us\\\/\"]}]},{\"@type\":\"BreadcrumbList\",\"@id\":\"https:\\\/\\\/manuonline.pl\\\/en\\\/join-us\\\/#breadcrumb\",\"itemListElement\":[{\"@type\":\"ListItem\",\"position\":1,\"name\":\"Strona g\u0142\u00f3wna\",\"item\":\"https:\\\/\\\/manuonline.pl\\\/en\\\/\"},{\"@type\":\"ListItem\",\"position\":2,\"name\":\"Join us\"}]},{\"@type\":\"WebSite\",\"@id\":\"https:\\\/\\\/manuonline.pl\\\/en\\\/#website\",\"url\":\"https:\\\/\\\/manuonline.pl\\\/en\\\/\",\"name\":\"Ma\u0142opolska Akademia Nabywania Umiej\u0119tno\u015bci\",\"description\":\"We form a team of talented people full of passion, ready to pass on knowledge and skills to the youngest.\",\"publisher\":{\"@id\":\"https:\\\/\\\/manuonline.pl\\\/en\\\/#organization\"},\"alternateName\":\"MANU\",\"potentialAction\":[{\"@type\":\"SearchAction\",\"target\":{\"@type\":\"EntryPoint\",\"urlTemplate\":\"https:\\\/\\\/manuonline.pl\\\/en\\\/?s={search_term_string}\"},\"query-input\":{\"@type\":\"PropertyValueSpecification\",\"valueRequired\":true,\"valueName\":\"search_term_string\"}}],\"inLanguage\":\"en-US\"},{\"@type\":\"Organization\",\"@id\":\"https:\\\/\\\/manuonline.pl\\\/en\\\/#organization\",\"name\":\"Ma\u0142opolska Akademia Nabywania Umiej\u0119tno\u015bci\",\"url\":\"https:\\\/\\\/manuonline.pl\\\/en\\\/\",\"logo\":{\"@type\":\"ImageObject\",\"inLanguage\":\"en-US\",\"@id\":\"https:\\\/\\\/manuonline.pl\\\/en\\\/#\\\/schema\\\/logo\\\/image\\\/\",\"url\":\"https:\\\/\\\/manuonline.pl\\\/wp-content\\\/uploads\\\/2021\\\/07\\\/Malopolska-Akademia-Nabywania-Umiejetnosci-Logo.png\",\"contentUrl\":\"https:\\\/\\\/manuonline.pl\\\/wp-content\\\/uploads\\\/2021\\\/07\\\/Malopolska-Akademia-Nabywania-Umiejetnosci-Logo.png\",\"width\":400,\"height\":104,\"caption\":\"Ma\u0142opolska Akademia Nabywania Umiej\u0119tno\u015bci\"},\"image\":{\"@id\":\"https:\\\/\\\/manuonline.pl\\\/en\\\/#\\\/schema\\\/logo\\\/image\\\/\"},\"sameAs\":[\"https:\\\/\\\/www.facebook.com\\\/zajeciadodatkowemanu\",\"https:\\\/\\\/www.instagram.com\\\/manuonline.pl\\\/\"]}]}<\/script>\n<!-- \/ Yoast SEO plugin. -->","yoast_head_json":{"title":"Join us | Ma\u0142opolska Akademia Nabywania Umiej\u0119tno\u015bci (The Lesser Poland Academy of Skill Acquisition)","robots":{"index":"index","follow":"follow","max-snippet":"max-snippet:-1","max-image-preview":"max-image-preview:large","max-video-preview":"max-video-preview:-1"},"canonical":"https:\/\/manuonline.pl\/en\/join-us\/","og_locale":"en_US","og_type":"article","og_title":"Join us | Ma\u0142opolska Akademia Nabywania Umiej\u0119tno\u015bci (The Lesser Poland Academy of Skill Acquisition)","og_description":"We are currently looking for Do you love working with children and value flexible working time? Then be sure to introduce yourself to us \ud83d\ude0a English teacher Ma\u0142opolska Akademia Nabywania Umiej\u0119tno\u015bci will establish cooperation with an instructor of language classes. Krak\u00f3w Full-time Apply GDPR information clause","og_url":"https:\/\/manuonline.pl\/en\/join-us\/","og_site_name":"Ma\u0142opolska Akademia Nabywania Umiej\u0119tno\u015bci (The Lesser Poland Academy of Skill Acquisition)","article_publisher":"https:\/\/www.facebook.com\/zajeciadodatkowemanu","article_modified_time":"2026-03-17T08:27:06+00:00","twitter_card":"summary_large_image","twitter_misc":{"Est. reading time":"1 minute"},"schema":{"@context":"https:\/\/schema.org","@graph":[{"@type":"WebPage","@id":"https:\/\/manuonline.pl\/en\/join-us\/","url":"https:\/\/manuonline.pl\/en\/join-us\/","name":"Join us | Ma\u0142opolska Akademia Nabywania Umiej\u0119tno\u015bci (The Lesser Poland Academy of Skill Acquisition)","isPartOf":{"@id":"https:\/\/manuonline.pl\/en\/#website"},"datePublished":"2022-07-05T12:53:20+00:00","dateModified":"2026-03-17T08:27:06+00:00","breadcrumb":{"@id":"https:\/\/manuonline.pl\/en\/join-us\/#breadcrumb"},"inLanguage":"en-US","potentialAction":[{"@type":"ReadAction","target":["https:\/\/manuonline.pl\/en\/join-us\/"]}]},{"@type":"BreadcrumbList","@id":"https:\/\/manuonline.pl\/en\/join-us\/#breadcrumb","itemListElement":[{"@type":"ListItem","position":1,"name":"Strona g\u0142\u00f3wna","item":"https:\/\/manuonline.pl\/en\/"},{"@type":"ListItem","position":2,"name":"Join us"}]},{"@type":"WebSite","@id":"https:\/\/manuonline.pl\/en\/#website","url":"https:\/\/manuonline.pl\/en\/","name":"Ma\u0142opolska Akademia Nabywania Umiej\u0119tno\u015bci","description":"We form a team of talented people full of passion, ready to pass on knowledge and skills to the youngest.","publisher":{"@id":"https:\/\/manuonline.pl\/en\/#organization"},"alternateName":"MANU","potentialAction":[{"@type":"SearchAction","target":{"@type":"EntryPoint","urlTemplate":"https:\/\/manuonline.pl\/en\/?s={search_term_string}"},"query-input":{"@type":"PropertyValueSpecification","valueRequired":true,"valueName":"search_term_string"}}],"inLanguage":"en-US"},{"@type":"Organization","@id":"https:\/\/manuonline.pl\/en\/#organization","name":"Ma\u0142opolska Akademia Nabywania Umiej\u0119tno\u015bci","url":"https:\/\/manuonline.pl\/en\/","logo":{"@type":"ImageObject","inLanguage":"en-US","@id":"https:\/\/manuonline.pl\/en\/#\/schema\/logo\/image\/","url":"https:\/\/manuonline.pl\/wp-content\/uploads\/2021\/07\/Malopolska-Akademia-Nabywania-Umiejetnosci-Logo.png","contentUrl":"https:\/\/manuonline.pl\/wp-content\/uploads\/2021\/07\/Malopolska-Akademia-Nabywania-Umiejetnosci-Logo.png","width":400,"height":104,"caption":"Ma\u0142opolska Akademia Nabywania Umiej\u0119tno\u015bci"},"image":{"@id":"https:\/\/manuonline.pl\/en\/#\/schema\/logo\/image\/"},"sameAs":["https:\/\/www.facebook.com\/zajeciadodatkowemanu","https:\/\/www.instagram.com\/manuonline.pl\/"]}]}},"_links":{"self":[{"href":"https:\/\/manuonline.pl\/en\/wp-json\/wp\/v2\/pages\/9492","targetHints":{"allow":["GET"]}}],"collection":[{"href":"https:\/\/manuonline.pl\/en\/wp-json\/wp\/v2\/pages"}],"about":[{"href":"https:\/\/manuonline.pl\/en\/wp-json\/wp\/v2\/types\/page"}],"author":[{"embeddable":true,"href":"https:\/\/manuonline.pl\/en\/wp-json\/wp\/v2\/users\/1"}],"replies":[{"embeddable":true,"href":"https:\/\/manuonline.pl\/en\/wp-json\/wp\/v2\/comments?post=9492"}],"version-history":[{"count":32,"href":"https:\/\/manuonline.pl\/en\/wp-json\/wp\/v2\/pages\/9492\/revisions"}],"predecessor-version":[{"id":12997,"href":"https:\/\/manuonline.pl\/en\/wp-json\/wp\/v2\/pages\/9492\/revisions\/12997"}],"wp:attachment":[{"href":"https:\/\/manuonline.pl\/en\/wp-json\/wp\/v2\/media?parent=9492"}],"curies":[{"name":"wp","href":"https:\/\/api.w.org\/{rel}","templated":true}]}}