{"id":9470,"date":"2024-07-15T12:02:01","date_gmt":"2024-07-15T10:02:01","guid":{"rendered":"https:\/\/manuonline.pl\/information-clause-for-job-applicants\/"},"modified":"2025-01-07T11:03:28","modified_gmt":"2025-01-07T09:03:28","slug":"information-clause-for-job-applicants","status":"publish","type":"page","link":"https:\/\/manuonline.pl\/en\/information-clause-for-job-applicants\/","title":{"rendered":"Information clause for job applicants"},"content":{"rendered":"\t\t<div data-elementor-type=\"wp-page\" data-elementor-id=\"9470\" class=\"elementor elementor-9470 elementor-8804\" data-elementor-post-type=\"page\">\n\t\t\t\t<div class=\"elementor-element elementor-element-a0eecfb hero e-ecs-flex e-flex e-con-boxed e-con e-parent\" data-id=\"a0eecfb\" data-element_type=\"container\" data-e-type=\"container\" data-settings=\"{&quot;ecs_container_type&quot;:&quot;flex&quot;}\">\n\t\t\t\t\t<div class=\"e-con-inner\">\n\t\t\t\t<div class=\"elementor-element elementor-element-a46566c elementor-absolute elementor-widget elementor-widget-html\" data-id=\"a46566c\" data-element_type=\"widget\" data-e-type=\"widget\" data-settings=\"{&quot;_position&quot;:&quot;absolute&quot;}\" data-widget_type=\"html.default\">\n\t\t\t\t<div class=\"elementor-widget-container\">\n\t\t\t\t\t<div class=\"lime\"><\/div>\t\t\t\t<\/div>\n\t\t\t\t<\/div>\n\t\t\t\t<div class=\"elementor-element elementor-element-c6db518 elementor-absolute elementor-widget elementor-widget-html\" data-id=\"c6db518\" data-element_type=\"widget\" data-e-type=\"widget\" data-settings=\"{&quot;_position&quot;:&quot;absolute&quot;}\" data-widget_type=\"html.default\">\n\t\t\t\t<div class=\"elementor-widget-container\">\n\t\t\t\t\t<div class=\"aqua\"><\/div>\t\t\t\t<\/div>\n\t\t\t\t<\/div>\n\t\t\t\t<div class=\"elementor-element elementor-element-f69a4b2 elementor-absolute elementor-widget elementor-widget-html\" data-id=\"f69a4b2\" data-element_type=\"widget\" data-e-type=\"widget\" data-settings=\"{&quot;_position&quot;:&quot;absolute&quot;}\" data-widget_type=\"html.default\">\n\t\t\t\t<div class=\"elementor-widget-container\">\n\t\t\t\t\t<div class=\"pink\"><\/div>\t\t\t\t<\/div>\n\t\t\t\t<\/div>\n\t\t\t\t<div class=\"elementor-element elementor-element-2b66103 elementor-absolute elementor-widget elementor-widget-html\" data-id=\"2b66103\" data-element_type=\"widget\" data-e-type=\"widget\" data-settings=\"{&quot;_position&quot;:&quot;absolute&quot;}\" data-widget_type=\"html.default\">\n\t\t\t\t<div class=\"elementor-widget-container\">\n\t\t\t\t\t<div class=\"yellow\"><\/div>\t\t\t\t<\/div>\n\t\t\t\t<\/div>\n\t\t<div class=\"elementor-element elementor-element-b66d92d e-con-full e-ecs-flex e-flex e-con e-child\" data-id=\"b66d92d\" data-element_type=\"container\" data-e-type=\"container\" data-settings=\"{&quot;ecs_container_type&quot;:&quot;flex&quot;}\">\n\t\t\t\t<div class=\"elementor-element elementor-element-6bc799e elementor-widget elementor-widget-heading\" data-id=\"6bc799e\" data-element_type=\"widget\" data-e-type=\"widget\" data-widget_type=\"heading.default\">\n\t\t\t\t<div class=\"elementor-widget-container\">\n\t\t\t\t\t<h1 class=\"elementor-heading-title elementor-size-default\">Information clause for job applicants<\/h1>\t\t\t\t<\/div>\n\t\t\t\t<\/div>\n\t\t\t\t<\/div>\n\t\t\t\t\t<\/div>\n\t\t\t\t<\/div>\n\t\t<div class=\"elementor-element elementor-element-accd28f e-ecs-flex e-flex e-con-boxed e-con e-parent\" data-id=\"accd28f\" data-element_type=\"container\" data-e-type=\"container\" data-settings=\"{&quot;ecs_container_type&quot;:&quot;flex&quot;}\">\n\t\t\t\t\t<div class=\"e-con-inner\">\n\t\t<div class=\"elementor-element elementor-element-62e7fa8 e-con-full e-ecs-flex e-flex e-con e-child\" data-id=\"62e7fa8\" data-element_type=\"container\" data-e-type=\"container\" data-settings=\"{&quot;ecs_container_type&quot;:&quot;flex&quot;}\">\n\t\t\t\t<div class=\"elementor-element elementor-element-29573f6 elementor-widget-mobile__width-inherit elementor-widget elementor-widget-text-editor\" data-id=\"29573f6\" data-element_type=\"widget\" data-e-type=\"widget\" data-widget_type=\"text-editor.default\">\n\t\t\t\t<div class=\"elementor-widget-container\">\n\t\t\t\t\t\t\t\t\t<p>In accordance with Article 13(1)-(2) of Regulation (EU) 2016\/679 of the European Parliament and of the Council of<br \/>27 April 2016 on the protection of natural persons with regard to the processing of personal data<br \/>and on the free movement of such data and repealing Directive 95\/46\/EC<br \/>(General Data Protection Regulation) (hereinafter \u2018<strong>GDPR<\/strong>\u2019), we inform you that:   <\/p>\n<p><strong>The administrator of your personal data<\/strong> is the company MANU with its registered office in Mszana Dolna, Le\u015bna 1, 34-730 Mszana Dolna, Tax Identification Number (NIP): 6812067500 hereinafter referred to as MANU. <\/p>\n\t\t\t\t\t\t\t\t<\/div>\n\t\t\t\t<\/div>\n\t\t\t\t<div class=\"elementor-element elementor-element-d9c955d elementor-widget-mobile__width-inherit elementor-widget elementor-widget-text-editor\" data-id=\"d9c955d\" data-element_type=\"widget\" data-e-type=\"widget\" data-widget_type=\"text-editor.default\">\n\t\t\t\t<div class=\"elementor-widget-container\">\n\t\t\t\t\t\t\t\t\t<p><strong>I.<\/strong> Regarding personal data protection, the <strong>Data Protection<\/strong> <strong>Officer <\/strong>can be contacted at the following email address: biuro@manuonline.pl.<\/p>\n\t\t\t\t\t\t\t\t<\/div>\n\t\t\t\t<\/div>\n\t\t\t\t<div class=\"elementor-element elementor-element-b53bd6e elementor-widget elementor-widget-text-editor\" data-id=\"b53bd6e\" data-element_type=\"widget\" data-e-type=\"widget\" data-widget_type=\"text-editor.default\">\n\t\t\t\t<div class=\"elementor-widget-container\">\n\t\t\t\t\t\t\t\t\t<p><strong>II. Purposes and basis of processing <\/strong><\/p>\n<p>We will process your personal data:<\/p>\n<ol>\n<li>for the purposes of the recruitment process, on the basis of the employer&#8217;s entitlement resulting from Article 22 of the Labour Code and concerning: name and surname, parents&#8217; names, date of birth, place of residence, address for correspondence, education and course of previous employment. The basis for the processing of the aforementioned personal data is a legal obligation (Article 6(1)(c) GDPR),  <\/li>\n<li>for the purpose of carrying out the recruitment process, on the basis of your consent to the processing of your personal data, i.e. personal data other than those indicated in the above point, provided in your CV, form, cover letter and other documents. The basis for the processing is the aforementioned consent (Article 6(1)(a) GDPR),   <\/li>\n<li>in order to pursue the legitimate interest of the administrator in respect of the data obtained from you during the recruitment process in relation to verifying your skills and abilities needed for the position advertised. The basis for processing this data is our legitimate interest (Article 6(1)(f) GDPR), <\/li>\n<li>in order to pursue the legitimate interest of the administrator in the event of a legal need to prove facts, to demonstrate the fulfilment of obligations (basis of Article 6(1)(f) of the GDPR),<\/li>\n<li>for future recruitment processes, on the basis of your consent to the processing of personal data provided in your CV, form, cover letter and other documents. The basis for the processing is this consent (Article 6(1)(a) GDPR). <\/li>\n<\/ol>\n\t\t\t\t\t\t\t\t<\/div>\n\t\t\t\t<\/div>\n\t\t\t\t<div class=\"elementor-element elementor-element-caf243d elementor-widget elementor-widget-text-editor\" data-id=\"caf243d\" data-element_type=\"widget\" data-e-type=\"widget\" data-widget_type=\"text-editor.default\">\n\t\t\t\t<div class=\"elementor-widget-container\">\n\t\t\t\t\t\t\t\t\t<p><strong>III. Rights of data subjects <\/strong><\/p>\n<p>In accordance with the <strong>GDPR<\/strong>, <strong>you have the right to request access to your personal data<\/strong> and receive a copy of it, the right to request <strong>rectification<\/strong> (amendment), <strong>erasure or restriction<\/strong> <strong>of the processing<\/strong> of your personal data, and the right to <strong>portability<\/strong> of your personal data. At any time, you have the right to object to the processing of your data, processed on the basis of Article 6(1)(f) of the GDPR, indicated above in point II.  <\/p>\n<p>The above requests can be sent to the addresses indicated in point I. Additionally, in accordance with the GDPR, you have the right to <strong>lodge a complaint<\/strong> with the President of the Personal Data Protection Office.<\/p>\n\t\t\t\t\t\t\t\t<\/div>\n\t\t\t\t<\/div>\n\t\t\t\t<div class=\"elementor-element elementor-element-94fc5d7 elementor-widget elementor-widget-text-editor\" data-id=\"94fc5d7\" data-element_type=\"widget\" data-e-type=\"widget\" data-widget_type=\"text-editor.default\">\n\t\t\t\t<div class=\"elementor-widget-container\">\n\t\t\t\t\t\t\t\t\t<p><strong>IV. Data retention period  <\/strong><\/p>\n<ol>\n<li>in the scope indicated in points II.1, II.2 and II.3, your data will be kept for the time necessary for this recruitment, <\/li>\n<li>in the scope indicated in point II.4, your data will be stored for the period of the statute of limitations for claims arising from the law, as well as for the time for which we are obliged by law to store the data, <\/li>\n<li>in the scope indicated in point II.5, your personal data will be stored for a period of 12 months from the date of your consent. <\/li>\n<\/ol>\n\t\t\t\t\t\t\t\t<\/div>\n\t\t\t\t<\/div>\n\t\t\t\t<div class=\"elementor-element elementor-element-2caaf51 elementor-widget elementor-widget-text-editor\" data-id=\"2caaf51\" data-element_type=\"widget\" data-e-type=\"widget\" data-widget_type=\"text-editor.default\">\n\t\t\t\t<div class=\"elementor-widget-container\">\n\t\t\t\t\t\t\t\t\t<p><strong>V. Recipients of the data<\/strong><\/p>\n<p>Your personal data may be transferred to authorized institutions as specified by law, as well as to processors that provide services to the data administrator and to whom the data is entrusted.<\/p>\n\t\t\t\t\t\t\t\t<\/div>\n\t\t\t\t<\/div>\n\t\t\t\t<div class=\"elementor-element elementor-element-43cfeca elementor-widget elementor-widget-text-editor\" data-id=\"43cfeca\" data-element_type=\"widget\" data-e-type=\"widget\" data-widget_type=\"text-editor.default\">\n\t\t\t\t<div class=\"elementor-widget-container\">\n\t\t\t\t\t\t\t\t\t<p><strong>VI. Providing personal data <\/strong> such as your first and last name, date of birth, place of residence, education, and employment history is a requirement for participating in the recruitment process. In all other cases, providing personal data is voluntary. <\/p>\n\t\t\t\t\t\t\t\t<\/div>\n\t\t\t\t<\/div>\n\t\t\t\t<div class=\"elementor-element elementor-element-f537638 elementor-widget elementor-widget-text-editor\" data-id=\"f537638\" data-element_type=\"widget\" data-e-type=\"widget\" data-widget_type=\"text-editor.default\">\n\t\t\t\t<div class=\"elementor-widget-container\">\n\t\t\t\t\t\t\t\t\t<p><strong>VII. Automated <\/strong> <strong>decision-making<\/strong><\/p>\n<p>Please be informed that <strong>we do not make decisions using automated methods, including profiling.<\/strong><\/p>\n\t\t\t\t\t\t\t\t<\/div>\n\t\t\t\t<\/div>\n\t\t\t\t<div class=\"elementor-element elementor-element-c8db265 elementor-widget elementor-widget-text-editor\" data-id=\"c8db265\" data-element_type=\"widget\" data-e-type=\"widget\" data-widget_type=\"text-editor.default\">\n\t\t\t\t<div class=\"elementor-widget-container\">\n\t\t\t\t\t\t\t\t\t<p><strong>VIII. Consent and information on withdrawal of consent <\/strong><\/p>\n<p>You have the right to withdraw your consent to the processing of your personal data at any time. The withdrawal of consent does not affect the lawfulness of processing carried out on the basis of your consent before its withdrawal. A declaration of withdrawal of consent to the processing of personal data can be sent to the addresses indicated in point I.  <\/p>\n\t\t\t\t\t\t\t\t<\/div>\n\t\t\t\t<\/div>\n\t\t\t\t<\/div>\n\t\t\t\t\t<\/div>\n\t\t\t\t<\/div>\n\t\t\t\t<\/div>\n\t\t","protected":false},"excerpt":{"rendered":"<p>Information clause for job applicants In accordance with Article 13(1)-(2) of Regulation (EU) 2016\/679 of the European Parliament and of the Council of27 April 2016 on the protection of natural persons with regard to the processing of personal dataand on the free movement of such data and repealing Directive 95\/46\/EC(General Data Protection Regulation) (hereinafter \u2018GDPR\u2019), [&hellip;]<\/p>\n","protected":false},"author":1,"featured_media":0,"parent":0,"menu_order":0,"comment_status":"closed","ping_status":"closed","template":"","meta":{"footnotes":""},"class_list":["post-9470","page","type-page","status-publish","hentry"],"yoast_head":"<!-- This site is optimized with the Yoast SEO plugin v27.5 - https:\/\/yoast.com\/product\/yoast-seo-wordpress\/ -->\n<title>Information clause for job applicants | Ma\u0142opolska Akademia Nabywania Umiej\u0119tno\u015bci (The Lesser Poland Academy of Skill Acquisition)<\/title>\n<meta name=\"robots\" content=\"index, follow, max-snippet:-1, max-image-preview:large, max-video-preview:-1\" \/>\n<link rel=\"canonical\" href=\"https:\/\/manuonline.pl\/en\/information-clause-for-job-applicants\/\" \/>\n<meta property=\"og:locale\" content=\"en_US\" \/>\n<meta property=\"og:type\" content=\"article\" \/>\n<meta property=\"og:title\" content=\"Information clause for job applicants | Ma\u0142opolska Akademia Nabywania Umiej\u0119tno\u015bci (The Lesser Poland Academy of Skill Acquisition)\" \/>\n<meta property=\"og:description\" content=\"Information clause for job applicants In accordance with Article 13(1)-(2) of Regulation (EU) 2016\/679 of the European Parliament and of the Council of27 April 2016 on the protection of natural persons with regard to the processing of personal dataand on the free movement of such data and repealing Directive 95\/46\/EC(General Data Protection Regulation) (hereinafter \u2018GDPR\u2019), [&hellip;]\" \/>\n<meta property=\"og:url\" content=\"https:\/\/manuonline.pl\/en\/information-clause-for-job-applicants\/\" \/>\n<meta property=\"og:site_name\" content=\"Ma\u0142opolska Akademia Nabywania Umiej\u0119tno\u015bci (The Lesser Poland Academy of Skill Acquisition)\" \/>\n<meta property=\"article:publisher\" content=\"https:\/\/www.facebook.com\/zajeciadodatkowemanu\" \/>\n<meta property=\"article:modified_time\" content=\"2025-01-07T09:03:28+00:00\" \/>\n<meta name=\"twitter:card\" content=\"summary_large_image\" \/>\n<meta name=\"twitter:label1\" content=\"Est. reading time\" \/>\n\t<meta name=\"twitter:data1\" content=\"4 minutes\" \/>\n<script type=\"application\/ld+json\" class=\"yoast-schema-graph\">{\"@context\":\"https:\\\/\\\/schema.org\",\"@graph\":[{\"@type\":\"WebPage\",\"@id\":\"https:\\\/\\\/manuonline.pl\\\/en\\\/information-clause-for-job-applicants\\\/\",\"url\":\"https:\\\/\\\/manuonline.pl\\\/en\\\/information-clause-for-job-applicants\\\/\",\"name\":\"Information clause for job applicants | Ma\u0142opolska Akademia Nabywania Umiej\u0119tno\u015bci (The Lesser Poland Academy of Skill Acquisition)\",\"isPartOf\":{\"@id\":\"https:\\\/\\\/manuonline.pl\\\/en\\\/#website\"},\"datePublished\":\"2024-07-15T10:02:01+00:00\",\"dateModified\":\"2025-01-07T09:03:28+00:00\",\"breadcrumb\":{\"@id\":\"https:\\\/\\\/manuonline.pl\\\/en\\\/information-clause-for-job-applicants\\\/#breadcrumb\"},\"inLanguage\":\"en-US\",\"potentialAction\":[{\"@type\":\"ReadAction\",\"target\":[\"https:\\\/\\\/manuonline.pl\\\/en\\\/information-clause-for-job-applicants\\\/\"]}]},{\"@type\":\"BreadcrumbList\",\"@id\":\"https:\\\/\\\/manuonline.pl\\\/en\\\/information-clause-for-job-applicants\\\/#breadcrumb\",\"itemListElement\":[{\"@type\":\"ListItem\",\"position\":1,\"name\":\"Strona g\u0142\u00f3wna\",\"item\":\"https:\\\/\\\/manuonline.pl\\\/en\\\/\"},{\"@type\":\"ListItem\",\"position\":2,\"name\":\"Information clause for job applicants\"}]},{\"@type\":\"WebSite\",\"@id\":\"https:\\\/\\\/manuonline.pl\\\/en\\\/#website\",\"url\":\"https:\\\/\\\/manuonline.pl\\\/en\\\/\",\"name\":\"Ma\u0142opolska Akademia Nabywania Umiej\u0119tno\u015bci\",\"description\":\"We form a team of talented people full of passion, ready to pass on knowledge and skills to the youngest.\",\"publisher\":{\"@id\":\"https:\\\/\\\/manuonline.pl\\\/en\\\/#organization\"},\"alternateName\":\"MANU\",\"potentialAction\":[{\"@type\":\"SearchAction\",\"target\":{\"@type\":\"EntryPoint\",\"urlTemplate\":\"https:\\\/\\\/manuonline.pl\\\/en\\\/?s={search_term_string}\"},\"query-input\":{\"@type\":\"PropertyValueSpecification\",\"valueRequired\":true,\"valueName\":\"search_term_string\"}}],\"inLanguage\":\"en-US\"},{\"@type\":\"Organization\",\"@id\":\"https:\\\/\\\/manuonline.pl\\\/en\\\/#organization\",\"name\":\"Ma\u0142opolska Akademia Nabywania Umiej\u0119tno\u015bci\",\"url\":\"https:\\\/\\\/manuonline.pl\\\/en\\\/\",\"logo\":{\"@type\":\"ImageObject\",\"inLanguage\":\"en-US\",\"@id\":\"https:\\\/\\\/manuonline.pl\\\/en\\\/#\\\/schema\\\/logo\\\/image\\\/\",\"url\":\"https:\\\/\\\/manuonline.pl\\\/wp-content\\\/uploads\\\/2021\\\/07\\\/Malopolska-Akademia-Nabywania-Umiejetnosci-Logo.png\",\"contentUrl\":\"https:\\\/\\\/manuonline.pl\\\/wp-content\\\/uploads\\\/2021\\\/07\\\/Malopolska-Akademia-Nabywania-Umiejetnosci-Logo.png\",\"width\":400,\"height\":104,\"caption\":\"Ma\u0142opolska Akademia Nabywania Umiej\u0119tno\u015bci\"},\"image\":{\"@id\":\"https:\\\/\\\/manuonline.pl\\\/en\\\/#\\\/schema\\\/logo\\\/image\\\/\"},\"sameAs\":[\"https:\\\/\\\/www.facebook.com\\\/zajeciadodatkowemanu\",\"https:\\\/\\\/www.instagram.com\\\/manuonline.pl\\\/\"]}]}<\/script>\n<!-- \/ Yoast SEO plugin. -->","yoast_head_json":{"title":"Information clause for job applicants | Ma\u0142opolska Akademia Nabywania Umiej\u0119tno\u015bci (The Lesser Poland Academy of Skill Acquisition)","robots":{"index":"index","follow":"follow","max-snippet":"max-snippet:-1","max-image-preview":"max-image-preview:large","max-video-preview":"max-video-preview:-1"},"canonical":"https:\/\/manuonline.pl\/en\/information-clause-for-job-applicants\/","og_locale":"en_US","og_type":"article","og_title":"Information clause for job applicants | Ma\u0142opolska Akademia Nabywania Umiej\u0119tno\u015bci (The Lesser Poland Academy of Skill Acquisition)","og_description":"Information clause for job applicants In accordance with Article 13(1)-(2) of Regulation (EU) 2016\/679 of the European Parliament and of the Council of27 April 2016 on the protection of natural persons with regard to the processing of personal dataand on the free movement of such data and repealing Directive 95\/46\/EC(General Data Protection Regulation) (hereinafter \u2018GDPR\u2019), [&hellip;]","og_url":"https:\/\/manuonline.pl\/en\/information-clause-for-job-applicants\/","og_site_name":"Ma\u0142opolska Akademia Nabywania Umiej\u0119tno\u015bci (The Lesser Poland Academy of Skill Acquisition)","article_publisher":"https:\/\/www.facebook.com\/zajeciadodatkowemanu","article_modified_time":"2025-01-07T09:03:28+00:00","twitter_card":"summary_large_image","twitter_misc":{"Est. reading time":"4 minutes"},"schema":{"@context":"https:\/\/schema.org","@graph":[{"@type":"WebPage","@id":"https:\/\/manuonline.pl\/en\/information-clause-for-job-applicants\/","url":"https:\/\/manuonline.pl\/en\/information-clause-for-job-applicants\/","name":"Information clause for job applicants | Ma\u0142opolska Akademia Nabywania Umiej\u0119tno\u015bci (The Lesser Poland Academy of Skill Acquisition)","isPartOf":{"@id":"https:\/\/manuonline.pl\/en\/#website"},"datePublished":"2024-07-15T10:02:01+00:00","dateModified":"2025-01-07T09:03:28+00:00","breadcrumb":{"@id":"https:\/\/manuonline.pl\/en\/information-clause-for-job-applicants\/#breadcrumb"},"inLanguage":"en-US","potentialAction":[{"@type":"ReadAction","target":["https:\/\/manuonline.pl\/en\/information-clause-for-job-applicants\/"]}]},{"@type":"BreadcrumbList","@id":"https:\/\/manuonline.pl\/en\/information-clause-for-job-applicants\/#breadcrumb","itemListElement":[{"@type":"ListItem","position":1,"name":"Strona g\u0142\u00f3wna","item":"https:\/\/manuonline.pl\/en\/"},{"@type":"ListItem","position":2,"name":"Information clause for job applicants"}]},{"@type":"WebSite","@id":"https:\/\/manuonline.pl\/en\/#website","url":"https:\/\/manuonline.pl\/en\/","name":"Ma\u0142opolska Akademia Nabywania Umiej\u0119tno\u015bci","description":"We form a team of talented people full of passion, ready to pass on knowledge and skills to the youngest.","publisher":{"@id":"https:\/\/manuonline.pl\/en\/#organization"},"alternateName":"MANU","potentialAction":[{"@type":"SearchAction","target":{"@type":"EntryPoint","urlTemplate":"https:\/\/manuonline.pl\/en\/?s={search_term_string}"},"query-input":{"@type":"PropertyValueSpecification","valueRequired":true,"valueName":"search_term_string"}}],"inLanguage":"en-US"},{"@type":"Organization","@id":"https:\/\/manuonline.pl\/en\/#organization","name":"Ma\u0142opolska Akademia Nabywania Umiej\u0119tno\u015bci","url":"https:\/\/manuonline.pl\/en\/","logo":{"@type":"ImageObject","inLanguage":"en-US","@id":"https:\/\/manuonline.pl\/en\/#\/schema\/logo\/image\/","url":"https:\/\/manuonline.pl\/wp-content\/uploads\/2021\/07\/Malopolska-Akademia-Nabywania-Umiejetnosci-Logo.png","contentUrl":"https:\/\/manuonline.pl\/wp-content\/uploads\/2021\/07\/Malopolska-Akademia-Nabywania-Umiejetnosci-Logo.png","width":400,"height":104,"caption":"Ma\u0142opolska Akademia Nabywania Umiej\u0119tno\u015bci"},"image":{"@id":"https:\/\/manuonline.pl\/en\/#\/schema\/logo\/image\/"},"sameAs":["https:\/\/www.facebook.com\/zajeciadodatkowemanu","https:\/\/www.instagram.com\/manuonline.pl\/"]}]}},"_links":{"self":[{"href":"https:\/\/manuonline.pl\/en\/wp-json\/wp\/v2\/pages\/9470","targetHints":{"allow":["GET"]}}],"collection":[{"href":"https:\/\/manuonline.pl\/en\/wp-json\/wp\/v2\/pages"}],"about":[{"href":"https:\/\/manuonline.pl\/en\/wp-json\/wp\/v2\/types\/page"}],"author":[{"embeddable":true,"href":"https:\/\/manuonline.pl\/en\/wp-json\/wp\/v2\/users\/1"}],"replies":[{"embeddable":true,"href":"https:\/\/manuonline.pl\/en\/wp-json\/wp\/v2\/comments?post=9470"}],"version-history":[{"count":7,"href":"https:\/\/manuonline.pl\/en\/wp-json\/wp\/v2\/pages\/9470\/revisions"}],"predecessor-version":[{"id":9962,"href":"https:\/\/manuonline.pl\/en\/wp-json\/wp\/v2\/pages\/9470\/revisions\/9962"}],"wp:attachment":[{"href":"https:\/\/manuonline.pl\/en\/wp-json\/wp\/v2\/media?parent=9470"}],"curies":[{"name":"wp","href":"https:\/\/api.w.org\/{rel}","templated":true}]}}